{"id":7,"date":"2018-07-20T12:43:25","date_gmt":"2018-07-20T10:43:25","guid":{"rendered":"https:\/\/behnachlum.cz\/?page_id=7"},"modified":"2025-11-17T19:54:12","modified_gmt":"2025-11-17T18:54:12","slug":"galerie","status":"publish","type":"page","link":"https:\/\/behnachlum.cz\/","title":{"rendered":"B\u011bh na Horn\u00ed Chlum 10. ro\u010dn\u00edk se konal 15.11.2025!!!!!!"},"content":{"rendered":"\n<p><\/p>\n\n\n\n<p>D\u011bkujeme v\u0161em, kte\u0159\u00ed se z\u00fa\u010dastnili leto\u0161n\u00edho B\u011bhu na Chlum!<br>Va\u0161e sportovn\u00ed nasazen\u00ed, podpora a skv\u011bl\u00e1 n\u00e1lada vytvo\u0159ily kr\u00e1snou atmosf\u00e9ru cel\u00e9ho dne. Velk\u00e9 d\u00edky pat\u0159\u00ed tak\u00e9 organiz\u00e1tor\u016fm, TJ KALOKAG\u00c1THIA Lu\u010dice, Z\u0160 a M\u0160 Lu\u010dice, Obci Lu\u010dice a m\u00edstn\u00edm hasi\u010d\u016fm.<br>Fotografie ze z\u00e1vod\u016f postupn\u011b zve\u0159ejn\u00edme. T\u00fdm b\u011bhu na Chlum \ud83d\ude42<\/p>\n\n\n\n<p>V\u00fdsledky b\u011bhu na Horn\u00ed Chlum 10. ro\u010dkn\u00edk<\/p>\n\n\n\n<figure class=\"wp-block-image size-large\"><img loading=\"lazy\" decoding=\"async\" width=\"984\" height=\"1024\" src=\"https:\/\/behnachlum.cz\/wp-content\/uploads\/2025\/11\/Screenshot-2025-11-15-at-15.20.35-984x1024.png\" alt=\"\" class=\"wp-image-366\" srcset=\"https:\/\/behnachlum.cz\/wp-content\/uploads\/2025\/11\/Screenshot-2025-11-15-at-15.20.35-984x1024.png 984w, https:\/\/behnachlum.cz\/wp-content\/uploads\/2025\/11\/Screenshot-2025-11-15-at-15.20.35-288x300.png 288w, https:\/\/behnachlum.cz\/wp-content\/uploads\/2025\/11\/Screenshot-2025-11-15-at-15.20.35-768x799.png 768w, https:\/\/behnachlum.cz\/wp-content\/uploads\/2025\/11\/Screenshot-2025-11-15-at-15.20.35.png 1384w\" sizes=\"auto, (max-width: 706px) 89vw, (max-width: 767px) 82vw, 740px\" \/><\/figure>\n\n\n\n<figure class=\"wp-block-image size-large\"><img loading=\"lazy\" decoding=\"async\" width=\"958\" height=\"1024\" src=\"https:\/\/behnachlum.cz\/wp-content\/uploads\/2025\/11\/Screenshot-2025-11-15-at-15.21.02-2-958x1024.png\" alt=\"\" class=\"wp-image-369\" srcset=\"https:\/\/behnachlum.cz\/wp-content\/uploads\/2025\/11\/Screenshot-2025-11-15-at-15.21.02-2-958x1024.png 958w, https:\/\/behnachlum.cz\/wp-content\/uploads\/2025\/11\/Screenshot-2025-11-15-at-15.21.02-2-281x300.png 281w, https:\/\/behnachlum.cz\/wp-content\/uploads\/2025\/11\/Screenshot-2025-11-15-at-15.21.02-2-768x821.png 768w, https:\/\/behnachlum.cz\/wp-content\/uploads\/2025\/11\/Screenshot-2025-11-15-at-15.21.02-2.png 1371w\" sizes=\"auto, (max-width: 706px) 89vw, (max-width: 767px) 82vw, 740px\" \/><\/figure>\n\n\n\n<figure class=\"wp-block-image size-large\"><img loading=\"lazy\" decoding=\"async\" width=\"1024\" height=\"437\" src=\"https:\/\/behnachlum.cz\/wp-content\/uploads\/2025\/11\/Screenshot-2025-11-15-at-15.23.46-2-1024x437.png\" alt=\"\" class=\"wp-image-370\" srcset=\"https:\/\/behnachlum.cz\/wp-content\/uploads\/2025\/11\/Screenshot-2025-11-15-at-15.23.46-2-1024x437.png 1024w, https:\/\/behnachlum.cz\/wp-content\/uploads\/2025\/11\/Screenshot-2025-11-15-at-15.23.46-2-300x128.png 300w, https:\/\/behnachlum.cz\/wp-content\/uploads\/2025\/11\/Screenshot-2025-11-15-at-15.23.46-2-768x328.png 768w, https:\/\/behnachlum.cz\/wp-content\/uploads\/2025\/11\/Screenshot-2025-11-15-at-15.23.46-2.png 1396w\" sizes=\"auto, (max-width: 706px) 89vw, (max-width: 767px) 82vw, 740px\" \/><\/figure>\n\n\n\n<figure class=\"wp-block-image size-large\"><img loading=\"lazy\" decoding=\"async\" width=\"729\" height=\"1024\" src=\"https:\/\/behnachlum.cz\/wp-content\/uploads\/2025\/11\/Screenshot-2025-11-15-at-15.24.01-1-729x1024.png\" alt=\"\" class=\"wp-image-371\" srcset=\"https:\/\/behnachlum.cz\/wp-content\/uploads\/2025\/11\/Screenshot-2025-11-15-at-15.24.01-1-729x1024.png 729w, https:\/\/behnachlum.cz\/wp-content\/uploads\/2025\/11\/Screenshot-2025-11-15-at-15.24.01-1-214x300.png 214w, https:\/\/behnachlum.cz\/wp-content\/uploads\/2025\/11\/Screenshot-2025-11-15-at-15.24.01-1-768x1079.png 768w, https:\/\/behnachlum.cz\/wp-content\/uploads\/2025\/11\/Screenshot-2025-11-15-at-15.24.01-1.png 934w\" sizes=\"auto, (max-width: 729px) 100vw, 729px\" \/><\/figure>\n\n\n\n<p><\/p>\n\n\n\n<p><\/p>\n\n\n\n<figure class=\"wp-block-image size-full\"><img loading=\"lazy\" decoding=\"async\" width=\"1024\" height=\"768\" src=\"https:\/\/behnachlum.cz\/wp-content\/uploads\/2025\/09\/Beh-na-Horni-Chlum-10.-rocnik-2.jpg\" alt=\"\" class=\"wp-image-349\" srcset=\"https:\/\/behnachlum.cz\/wp-content\/uploads\/2025\/09\/Beh-na-Horni-Chlum-10.-rocnik-2.jpg 1024w, https:\/\/behnachlum.cz\/wp-content\/uploads\/2025\/09\/Beh-na-Horni-Chlum-10.-rocnik-2-300x225.jpg 300w, https:\/\/behnachlum.cz\/wp-content\/uploads\/2025\/09\/Beh-na-Horni-Chlum-10.-rocnik-2-768x576.jpg 768w\" sizes=\"auto, (max-width: 706px) 89vw, (max-width: 767px) 82vw, 740px\" \/><\/figure>\n\n\n\n<p><strong>Odkaz na vyzna\u010denou 10 km tra\u0165 <a href=\"https:\/\/mapy.com\/s\/marasuzasu\" target=\"_blank\" rel=\"noreferrer noopener\">https:\/\/mapy.com\/s\/marasuzasu <\/a><\/strong><\/p>\n\n\n\n<p><\/p>\n\n\n\n<p>Akce je ur\u010den\u00e1 jak pro \u00fa\u010dastn\u00edky z\u00e1vodu, tak pro \u0161irokou ve\u0159ejnost.<\/p>\n\n\n\n<p>D\u016fle\u017eit\u00e9!!! Registraci a odhl\u00e1\u0161en\u00ed je t\u0159eba u\u010dinit do 14.11.2025.<\/p>\n\n\n\n<p>P\u0159\u00edpadn\u011b registraci je mo\u017en\u00e9 ud\u011blat i na m\u00edst\u011b.<\/p>\n\n\n\n<p>Registrovat se m\u016f\u017eete p\u0159es Facebook (p\u0159es zpr\u00e1vy), email: behnachlum@seznam.cz nebo poslat sms na tel. +420 602 469 592, +420 606 590 908.<\/p>\n\n\n\n<p>P\u0159i registraci uve\u010fte jm\u00e9no a kategorii.<\/p>\n\n\n\n<p><strong> T\u011b\u0161\u00edme se na va\u0161\u00ed \u00fa\u010dast! <\/strong><\/p>\n\n\n\n<p><strong>Start z\u00e1vod\u016f&nbsp; 12:00.<\/strong><\/p>\n\n\n\n<p><\/p>\n\n\n<p><iframe loading=\"lazy\" style=\"border:none\" src=\"https:\/\/mapy.com\/s\/fotelorogu\" width=\"700\" height=\"466\" frameborder=\"0\"><\/iframe><\/p>\n\n\n<p>O z\u00e1vodu<\/p>\n\n\n\n<figure class=\"wp-block-image size-large\"><img loading=\"lazy\" decoding=\"async\" width=\"1024\" height=\"411\" src=\"https:\/\/behnachlum.cz\/wp-content\/uploads\/2019\/11\/beh-na-horni-chlum-1024x411.jpg\" alt=\"\" class=\"wp-image-235\" srcset=\"https:\/\/behnachlum.cz\/wp-content\/uploads\/2019\/11\/beh-na-horni-chlum-1024x411.jpg 1024w, https:\/\/behnachlum.cz\/wp-content\/uploads\/2019\/11\/beh-na-horni-chlum-300x120.jpg 300w, https:\/\/behnachlum.cz\/wp-content\/uploads\/2019\/11\/beh-na-horni-chlum-768x308.jpg 768w, https:\/\/behnachlum.cz\/wp-content\/uploads\/2019\/11\/beh-na-horni-chlum-1536x616.jpg 1536w, https:\/\/behnachlum.cz\/wp-content\/uploads\/2019\/11\/beh-na-horni-chlum-2048x822.jpg 2048w\" sizes=\"auto, (max-width: 706px) 89vw, (max-width: 767px) 82vw, 740px\" \/><\/figure>\n\n\n\n<p> Z\u00e1vod se sna\u017e\u00ed nab\u00eddnout b\u011bh\u00e1n\u00ed ka\u017ed\u00e9mu a je ur\u010den pro \u0161irokou ve\u0159ejnost. Start je ve 12 hodin v Lu\u010dici pod fotbalov\u00fdm h\u0159i\u0161t\u011bm. Pob\u011b\u017e\u00edme cestou na Dobrou Vodu, d\u00e1le p\u0159es \u017deleznou br\u00e1nu do Ole\u0161nice, na Vale\u010dov, Starou silnic\u00ed a do c\u00edle. Trasa je nen\u00e1ro\u010dn\u00e1, do c\u00edle se n\u011bjak ur\u010dit\u011b dostanete. Tento z\u00e1vod, kter\u00fd m\u011b\u0159\u00ed cca 10 km (hlavn\u00ed z\u00e1vod), mohou absolvovat jak b\u011b\u017eci, tak i chodci. V\u0161ichni maj\u00ed na absolvov\u00e1n\u00ed trasy 2 hodiny. Na trase vyzna\u010den\u00e9 f\u00e1bory a \u0161ipkami bude ob\u010derstvovac\u00ed stanice. Na konci z\u00e1vodu bude zaji\u0161t\u011bno dopln\u011bn\u00ed tekutin.<\/p>\n\n\n\n<p>Kategorie <\/p>\n\n\n\n<p>\u017deny 15+ <br>\u017deny 40+ <br>\u017deny 60+ <br>Mu\u017ei 15+ <br>Mu\u017ei 40+ <br>Mu\u017ei 60+ <\/p>\n\n\n\n<p><strong>Mapa trati<\/strong><\/p>\n\n\n\n<figure class=\"wp-block-image size-large\"><img loading=\"lazy\" decoding=\"async\" width=\"958\" height=\"552\" src=\"https:\/\/behnachlum.cz\/wp-content\/uploads\/2019\/11\/mapa-trati.png\" alt=\"\" class=\"wp-image-243\" srcset=\"https:\/\/behnachlum.cz\/wp-content\/uploads\/2019\/11\/mapa-trati.png 958w, https:\/\/behnachlum.cz\/wp-content\/uploads\/2019\/11\/mapa-trati-300x173.png 300w, https:\/\/behnachlum.cz\/wp-content\/uploads\/2019\/11\/mapa-trati-768x443.png 768w\" sizes=\"auto, (max-width: 706px) 89vw, (max-width: 767px) 82vw, 740px\" \/><figcaption class=\"wp-element-caption\">mapa trati b\u011bhu na Horn\u00ed Chlum<\/figcaption><\/figure>\n\n\n\n<p><\/p>\n\n\n\n<p>Doprovodn\u00e9 z\u00e1vody<\/p>\n\n\n\n<p>\u201cLu\u010dick\u00e1 p\u011btka\u201d  cca 5km &#8211; start pod fotbalov\u00fdm h\u0159i\u0161t\u011bm, p\u0159es Kocmandu na Pansk\u00e9 louky. P\u0159ekon\u00e1me po mostku Lu\u010dick\u00fd potok a ve Vale\u010dov\u011b se napoj\u00edme na trasu hlavn\u00edho z\u00e1vodu.<\/p>\n\n\n\n<p>Rodi\u010de s d\u011btmi a d\u011bti do 10 let ( cca 1 km) &#8211; start ve 12 hodin, za\u010d\u00e1tek ulice U Pij\u00e1k\u016f &#8211; ( nov\u00e1 z\u00e1stavba &#8211; Na Kopci). <br>Kategorie chlapci a d\u00edvky 11 &#8211; 15 let (cca 1,5 km) &#8211; start ve 12 hodin, konec ulice U Pij\u00e1k\u016f.<\/p>\n\n\n\n<p>Akce je ur\u010den\u00e1 jak pro \u00fa\u010dastn\u00edky z\u00e1vodu, tak pro \u0161irokou ve\u0159ejnost. <\/p>\n\n\n\n<p>Z\u00e1vod po\u0159\u00e1d\u00e1 TJ Kalokag\u00e1thia Lu\u010dice za podpory obce Lu\u010dice, Z\u0160 a M\u0160 Lu\u010dice a SDH Lu\u010dice.<\/p>\n\n\n\n<p>T\u011b\u0161\u00edme se na va\u0161\u00ed \u00fa\u010dast!<br>B\u011a\u017d, JAK UM\u00cd\u0160, TY TO D\u00c1\u0160 !<\/p>\n\n\n\n<figure class=\"wp-block-image size-large\"><img loading=\"lazy\" decoding=\"async\" width=\"1024\" height=\"681\" src=\"https:\/\/behnachlum.cz\/wp-content\/uploads\/2019\/11\/IMGP9018-1024x681.jpg\" alt=\"\" class=\"wp-image-240\" srcset=\"https:\/\/behnachlum.cz\/wp-content\/uploads\/2019\/11\/IMGP9018-1024x681.jpg 1024w, https:\/\/behnachlum.cz\/wp-content\/uploads\/2019\/11\/IMGP9018-300x199.jpg 300w, https:\/\/behnachlum.cz\/wp-content\/uploads\/2019\/11\/IMGP9018-768x511.jpg 768w, https:\/\/behnachlum.cz\/wp-content\/uploads\/2019\/11\/IMGP9018-1536x1021.jpg 1536w, https:\/\/behnachlum.cz\/wp-content\/uploads\/2019\/11\/IMGP9018-2048x1362.jpg 2048w\" sizes=\"auto, (max-width: 706px) 89vw, (max-width: 767px) 82vw, 740px\" \/><\/figure>\n\n\n\n<p><\/p>\n\n\n\n<p><\/p>\n\n\n\n<p>Odkaz na fotografie  z\u00e1vodu: <a href=\"https:\/\/eu.zonerama.com\/veprchalova\/Album\/9130385\" target=\"_blank\" rel=\"noreferrer noopener\">https:\/\/eu.zonerama.com\/veprchalova\/Album\/9130385<\/a><\/p>\n\n\n\n<figure class=\"wp-block-embed is-type-video is-provider-youtube wp-block-embed-youtube wp-embed-aspect-16-9 wp-has-aspect-ratio\"><div class=\"wp-block-embed__wrapper\">\n<iframe loading=\"lazy\" title=\"OHL\u00c9DNUT\u00cd ZA B\u011aHEM NA HORN\u00cd CHLUM 7  RO\u010cN\u00cdK 12 11 2022\" width=\"525\" height=\"295\" src=\"https:\/\/www.youtube.com\/embed\/gAMn232tTXE?feature=oembed\" frameborder=\"0\" allow=\"accelerometer; autoplay; clipboard-write; encrypted-media; gyroscope; picture-in-picture; web-share\" referrerpolicy=\"strict-origin-when-cross-origin\" allowfullscreen><\/iframe>\n<\/div><\/figure>\n\n\n\n<p><\/p>\n\n\n\n<p><\/p>\n\n\n\n<p><\/p>\n","protected":false},"excerpt":{"rendered":"<p>D\u011bkujeme v\u0161em, kte\u0159\u00ed se z\u00fa\u010dastnili leto\u0161n\u00edho B\u011bhu na Chlum!Va\u0161e sportovn\u00ed nasazen\u00ed, podpora a skv\u011bl\u00e1 n\u00e1lada vytvo\u0159ily kr\u00e1snou atmosf\u00e9ru cel\u00e9ho dne. Velk\u00e9 d\u00edky pat\u0159\u00ed tak\u00e9 organiz\u00e1tor\u016fm, TJ KALOKAG\u00c1THIA Lu\u010dice, Z\u0160 a M\u0160 Lu\u010dice, Obci Lu\u010dice a m\u00edstn\u00edm hasi\u010d\u016fm.Fotografie ze z\u00e1vod\u016f postupn\u011b zve\u0159ejn\u00edme. T\u00fdm b\u011bhu na Chlum \ud83d\ude42 V\u00fdsledky b\u011bhu na Horn\u00ed Chlum 10. ro\u010dkn\u00edk Odkaz na &hellip; <\/p>\n<p class=\"link-more\"><a href=\"https:\/\/behnachlum.cz\/\" class=\"more-link\">Pokra\u010dovat ve \u010dten\u00ed<span class=\"screen-reader-text\"> &#8220;B\u011bh na Horn\u00ed Chlum 10. ro\u010dn\u00edk se konal 15.11.2025!!!!!!&#8221;<\/span><\/a><\/p>\n","protected":false},"author":1,"featured_media":0,"parent":0,"menu_order":0,"comment_status":"closed","ping_status":"closed","template":"","meta":{"footnotes":""},"class_list":["post-7","page","type-page","status-publish","hentry"],"yoast_head":"<!-- This site is optimized with the Yoast SEO plugin v27.4 - https:\/\/yoast.com\/product\/yoast-seo-wordpress\/ -->\n<title>B\u011bh na Horn\u00ed Chlum 10. ro\u010dn\u00edk se konal 15.11.2025!!!!!! - B\u011bh na Horn\u00ed chlum<\/title>\n<meta name=\"robots\" content=\"index, follow, max-snippet:-1, max-image-preview:large, max-video-preview:-1\" \/>\n<link rel=\"canonical\" href=\"https:\/\/behnachlum.cz\/\" \/>\n<meta property=\"og:locale\" content=\"cs_CZ\" \/>\n<meta property=\"og:type\" content=\"article\" \/>\n<meta property=\"og:title\" content=\"B\u011bh na Horn\u00ed Chlum 10. ro\u010dn\u00edk se konal 15.11.2025!!!!!! - B\u011bh na Horn\u00ed chlum\" \/>\n<meta property=\"og:description\" content=\"D\u011bkujeme v\u0161em, kte\u0159\u00ed se z\u00fa\u010dastnili leto\u0161n\u00edho B\u011bhu na Chlum!Va\u0161e sportovn\u00ed nasazen\u00ed, podpora a skv\u011bl\u00e1 n\u00e1lada vytvo\u0159ily kr\u00e1snou atmosf\u00e9ru cel\u00e9ho dne. Velk\u00e9 d\u00edky pat\u0159\u00ed tak\u00e9 organiz\u00e1tor\u016fm, TJ KALOKAG\u00c1THIA Lu\u010dice, Z\u0160 a M\u0160 Lu\u010dice, Obci Lu\u010dice a m\u00edstn\u00edm hasi\u010d\u016fm.Fotografie ze z\u00e1vod\u016f postupn\u011b zve\u0159ejn\u00edme. T\u00fdm b\u011bhu na Chlum \ud83d\ude42 V\u00fdsledky b\u011bhu na Horn\u00ed Chlum 10. ro\u010dkn\u00edk Odkaz na &hellip; Pokra\u010dovat ve \u010dten\u00ed &quot;B\u011bh na Horn\u00ed Chlum 10. ro\u010dn\u00edk se konal 15.11.2025!!!!!!&quot;\" \/>\n<meta property=\"og:url\" content=\"https:\/\/behnachlum.cz\/\" \/>\n<meta property=\"og:site_name\" content=\"B\u011bh na Horn\u00ed chlum\" \/>\n<meta property=\"article:modified_time\" content=\"2025-11-17T18:54:12+00:00\" \/>\n<meta property=\"og:image\" content=\"https:\/\/behnachlum.cz\/wp-content\/uploads\/2025\/11\/Screenshot-2025-11-15-at-15.20.35.png\" \/>\n\t<meta property=\"og:image:width\" content=\"1384\" \/>\n\t<meta property=\"og:image:height\" content=\"1440\" \/>\n\t<meta property=\"og:image:type\" content=\"image\/png\" \/>\n<meta name=\"twitter:card\" content=\"summary_large_image\" \/>\n<meta name=\"twitter:label1\" content=\"Odhadovan\u00e1 doba \u010dten\u00ed\" \/>\n\t<meta name=\"twitter:data1\" content=\"4 minuty\" \/>\n<script type=\"application\/ld+json\" class=\"yoast-schema-graph\">{\"@context\":\"https:\\\/\\\/schema.org\",\"@graph\":[{\"@type\":\"WebPage\",\"@id\":\"https:\\\/\\\/behnachlum.cz\\\/\",\"url\":\"https:\\\/\\\/behnachlum.cz\\\/\",\"name\":\"B\u011bh na Horn\u00ed Chlum 10. ro\u010dn\u00edk se konal 15.11.2025!!!!!! - B\u011bh na Horn\u00ed chlum\",\"isPartOf\":{\"@id\":\"https:\\\/\\\/behnachlum.cz\\\/#website\"},\"primaryImageOfPage\":{\"@id\":\"https:\\\/\\\/behnachlum.cz\\\/#primaryimage\"},\"image\":{\"@id\":\"https:\\\/\\\/behnachlum.cz\\\/#primaryimage\"},\"thumbnailUrl\":\"https:\\\/\\\/behnachlum.cz\\\/wp-content\\\/uploads\\\/2025\\\/11\\\/Screenshot-2025-11-15-at-15.20.35-984x1024.png\",\"datePublished\":\"2018-07-20T10:43:25+00:00\",\"dateModified\":\"2025-11-17T18:54:12+00:00\",\"breadcrumb\":{\"@id\":\"https:\\\/\\\/behnachlum.cz\\\/#breadcrumb\"},\"inLanguage\":\"cs\",\"potentialAction\":[{\"@type\":\"ReadAction\",\"target\":[\"https:\\\/\\\/behnachlum.cz\\\/\"]}]},{\"@type\":\"ImageObject\",\"inLanguage\":\"cs\",\"@id\":\"https:\\\/\\\/behnachlum.cz\\\/#primaryimage\",\"url\":\"https:\\\/\\\/behnachlum.cz\\\/wp-content\\\/uploads\\\/2025\\\/11\\\/Screenshot-2025-11-15-at-15.20.35.png\",\"contentUrl\":\"https:\\\/\\\/behnachlum.cz\\\/wp-content\\\/uploads\\\/2025\\\/11\\\/Screenshot-2025-11-15-at-15.20.35.png\",\"width\":1384,\"height\":1440},{\"@type\":\"BreadcrumbList\",\"@id\":\"https:\\\/\\\/behnachlum.cz\\\/#breadcrumb\",\"itemListElement\":[{\"@type\":\"ListItem\",\"position\":1,\"name\":\"Dom\u016f\",\"item\":\"https:\\\/\\\/behnachlum.cz\\\/\"},{\"@type\":\"ListItem\",\"position\":2,\"name\":\"B\u011bh na Horn\u00ed Chlum 10. ro\u010dn\u00edk se konal 15.11.2025!!!!!!\"}]},{\"@type\":\"WebSite\",\"@id\":\"https:\\\/\\\/behnachlum.cz\\\/#website\",\"url\":\"https:\\\/\\\/behnachlum.cz\\\/\",\"name\":\"B\u011bh na Horn\u00ed chlum\",\"description\":\"B\u011b\u017eeck\u00fd z\u00e1vod pro \u0161irokou ve\u0159ejnost\",\"publisher\":{\"@id\":\"https:\\\/\\\/behnachlum.cz\\\/#organization\"},\"potentialAction\":[{\"@type\":\"SearchAction\",\"target\":{\"@type\":\"EntryPoint\",\"urlTemplate\":\"https:\\\/\\\/behnachlum.cz\\\/?s={search_term_string}\"},\"query-input\":{\"@type\":\"PropertyValueSpecification\",\"valueRequired\":true,\"valueName\":\"search_term_string\"}}],\"inLanguage\":\"cs\"},{\"@type\":\"Organization\",\"@id\":\"https:\\\/\\\/behnachlum.cz\\\/#organization\",\"name\":\"B\u011bh na Horn\u00ed chlum\",\"url\":\"https:\\\/\\\/behnachlum.cz\\\/\",\"logo\":{\"@type\":\"ImageObject\",\"inLanguage\":\"cs\",\"@id\":\"https:\\\/\\\/behnachlum.cz\\\/#\\\/schema\\\/logo\\\/image\\\/\",\"url\":\"https:\\\/\\\/behnachlum.cz\\\/wp-content\\\/uploads\\\/2019\\\/11\\\/cropped-be\u030ch-na-horni\u0301-chlum-logo-1.png\",\"contentUrl\":\"https:\\\/\\\/behnachlum.cz\\\/wp-content\\\/uploads\\\/2019\\\/11\\\/cropped-be\u030ch-na-horni\u0301-chlum-logo-1.png\",\"width\":250,\"height\":250,\"caption\":\"B\u011bh na Horn\u00ed chlum\"},\"image\":{\"@id\":\"https:\\\/\\\/behnachlum.cz\\\/#\\\/schema\\\/logo\\\/image\\\/\"}}]}<\/script>\n<!-- \/ Yoast SEO plugin. -->","yoast_head_json":{"title":"B\u011bh na Horn\u00ed Chlum 10. ro\u010dn\u00edk se konal 15.11.2025!!!!!! - B\u011bh na Horn\u00ed chlum","robots":{"index":"index","follow":"follow","max-snippet":"max-snippet:-1","max-image-preview":"max-image-preview:large","max-video-preview":"max-video-preview:-1"},"canonical":"https:\/\/behnachlum.cz\/","og_locale":"cs_CZ","og_type":"article","og_title":"B\u011bh na Horn\u00ed Chlum 10. ro\u010dn\u00edk se konal 15.11.2025!!!!!! - B\u011bh na Horn\u00ed chlum","og_description":"D\u011bkujeme v\u0161em, kte\u0159\u00ed se z\u00fa\u010dastnili leto\u0161n\u00edho B\u011bhu na Chlum!Va\u0161e sportovn\u00ed nasazen\u00ed, podpora a skv\u011bl\u00e1 n\u00e1lada vytvo\u0159ily kr\u00e1snou atmosf\u00e9ru cel\u00e9ho dne. Velk\u00e9 d\u00edky pat\u0159\u00ed tak\u00e9 organiz\u00e1tor\u016fm, TJ KALOKAG\u00c1THIA Lu\u010dice, Z\u0160 a M\u0160 Lu\u010dice, Obci Lu\u010dice a m\u00edstn\u00edm hasi\u010d\u016fm.Fotografie ze z\u00e1vod\u016f postupn\u011b zve\u0159ejn\u00edme. T\u00fdm b\u011bhu na Chlum \ud83d\ude42 V\u00fdsledky b\u011bhu na Horn\u00ed Chlum 10. ro\u010dkn\u00edk Odkaz na &hellip; Pokra\u010dovat ve \u010dten\u00ed \"B\u011bh na Horn\u00ed Chlum 10. ro\u010dn\u00edk se konal 15.11.2025!!!!!!\"","og_url":"https:\/\/behnachlum.cz\/","og_site_name":"B\u011bh na Horn\u00ed chlum","article_modified_time":"2025-11-17T18:54:12+00:00","og_image":[{"width":1384,"height":1440,"url":"https:\/\/behnachlum.cz\/wp-content\/uploads\/2025\/11\/Screenshot-2025-11-15-at-15.20.35.png","type":"image\/png"}],"twitter_card":"summary_large_image","twitter_misc":{"Odhadovan\u00e1 doba \u010dten\u00ed":"4 minuty"},"schema":{"@context":"https:\/\/schema.org","@graph":[{"@type":"WebPage","@id":"https:\/\/behnachlum.cz\/","url":"https:\/\/behnachlum.cz\/","name":"B\u011bh na Horn\u00ed Chlum 10. ro\u010dn\u00edk se konal 15.11.2025!!!!!! - B\u011bh na Horn\u00ed chlum","isPartOf":{"@id":"https:\/\/behnachlum.cz\/#website"},"primaryImageOfPage":{"@id":"https:\/\/behnachlum.cz\/#primaryimage"},"image":{"@id":"https:\/\/behnachlum.cz\/#primaryimage"},"thumbnailUrl":"https:\/\/behnachlum.cz\/wp-content\/uploads\/2025\/11\/Screenshot-2025-11-15-at-15.20.35-984x1024.png","datePublished":"2018-07-20T10:43:25+00:00","dateModified":"2025-11-17T18:54:12+00:00","breadcrumb":{"@id":"https:\/\/behnachlum.cz\/#breadcrumb"},"inLanguage":"cs","potentialAction":[{"@type":"ReadAction","target":["https:\/\/behnachlum.cz\/"]}]},{"@type":"ImageObject","inLanguage":"cs","@id":"https:\/\/behnachlum.cz\/#primaryimage","url":"https:\/\/behnachlum.cz\/wp-content\/uploads\/2025\/11\/Screenshot-2025-11-15-at-15.20.35.png","contentUrl":"https:\/\/behnachlum.cz\/wp-content\/uploads\/2025\/11\/Screenshot-2025-11-15-at-15.20.35.png","width":1384,"height":1440},{"@type":"BreadcrumbList","@id":"https:\/\/behnachlum.cz\/#breadcrumb","itemListElement":[{"@type":"ListItem","position":1,"name":"Dom\u016f","item":"https:\/\/behnachlum.cz\/"},{"@type":"ListItem","position":2,"name":"B\u011bh na Horn\u00ed Chlum 10. ro\u010dn\u00edk se konal 15.11.2025!!!!!!"}]},{"@type":"WebSite","@id":"https:\/\/behnachlum.cz\/#website","url":"https:\/\/behnachlum.cz\/","name":"B\u011bh na Horn\u00ed chlum","description":"B\u011b\u017eeck\u00fd z\u00e1vod pro \u0161irokou ve\u0159ejnost","publisher":{"@id":"https:\/\/behnachlum.cz\/#organization"},"potentialAction":[{"@type":"SearchAction","target":{"@type":"EntryPoint","urlTemplate":"https:\/\/behnachlum.cz\/?s={search_term_string}"},"query-input":{"@type":"PropertyValueSpecification","valueRequired":true,"valueName":"search_term_string"}}],"inLanguage":"cs"},{"@type":"Organization","@id":"https:\/\/behnachlum.cz\/#organization","name":"B\u011bh na Horn\u00ed chlum","url":"https:\/\/behnachlum.cz\/","logo":{"@type":"ImageObject","inLanguage":"cs","@id":"https:\/\/behnachlum.cz\/#\/schema\/logo\/image\/","url":"https:\/\/behnachlum.cz\/wp-content\/uploads\/2019\/11\/cropped-be\u030ch-na-horni\u0301-chlum-logo-1.png","contentUrl":"https:\/\/behnachlum.cz\/wp-content\/uploads\/2019\/11\/cropped-be\u030ch-na-horni\u0301-chlum-logo-1.png","width":250,"height":250,"caption":"B\u011bh na Horn\u00ed chlum"},"image":{"@id":"https:\/\/behnachlum.cz\/#\/schema\/logo\/image\/"}}]}},"_links":{"self":[{"href":"https:\/\/behnachlum.cz\/index.php\/wp-json\/wp\/v2\/pages\/7","targetHints":{"allow":["GET"]}}],"collection":[{"href":"https:\/\/behnachlum.cz\/index.php\/wp-json\/wp\/v2\/pages"}],"about":[{"href":"https:\/\/behnachlum.cz\/index.php\/wp-json\/wp\/v2\/types\/page"}],"author":[{"embeddable":true,"href":"https:\/\/behnachlum.cz\/index.php\/wp-json\/wp\/v2\/users\/1"}],"replies":[{"embeddable":true,"href":"https:\/\/behnachlum.cz\/index.php\/wp-json\/wp\/v2\/comments?post=7"}],"version-history":[{"count":128,"href":"https:\/\/behnachlum.cz\/index.php\/wp-json\/wp\/v2\/pages\/7\/revisions"}],"predecessor-version":[{"id":375,"href":"https:\/\/behnachlum.cz\/index.php\/wp-json\/wp\/v2\/pages\/7\/revisions\/375"}],"wp:attachment":[{"href":"https:\/\/behnachlum.cz\/index.php\/wp-json\/wp\/v2\/media?parent=7"}],"curies":[{"name":"wp","href":"https:\/\/api.w.org\/{rel}","templated":true}]}}